{"id":26,"date":"2025-06-12T18:46:57","date_gmt":"2025-06-12T18:46:57","guid":{"rendered":"https:\/\/argentinaacaballo.com\/?page_id=26"},"modified":"2025-06-26T17:01:39","modified_gmt":"2025-06-26T17:01:39","slug":"acerca-de-nosotros","status":"publish","type":"page","link":"https:\/\/argentinaacaballo.com\/en\/acerca-de-nosotros\/","title":{"rendered":"About us"},"content":{"rendered":"<div data-elementor-type=\"wp-page\" data-elementor-id=\"26\" class=\"elementor elementor-26\" data-elementor-post-type=\"page\">\n\t\t\t\t<div class=\"elementor-element elementor-element-0fb2e9e e-con-full e-flex e-con e-parent\" data-id=\"0fb2e9e\" data-element_type=\"container\" data-e-type=\"container\">\n\t\t<div class=\"elementor-element elementor-element-eed4ad9 e-con-full e-flex e-con e-child\" data-id=\"eed4ad9\" data-element_type=\"container\" data-e-type=\"container\">\n\t\t\t\t<div class=\"elementor-element elementor-element-de1e683 elementor-arrows-position-inside elementor-widget elementor-widget-image-carousel\" data-id=\"de1e683\" data-element_type=\"widget\" data-e-type=\"widget\" data-settings=\"{&quot;slides_to_show&quot;:&quot;3&quot;,&quot;slides_to_scroll&quot;:&quot;1&quot;,&quot;navigation&quot;:&quot;arrows&quot;,&quot;autoplay&quot;:&quot;yes&quot;,&quot;pause_on_hover&quot;:&quot;yes&quot;,&quot;pause_on_interaction&quot;:&quot;yes&quot;,&quot;autoplay_speed&quot;:5000,&quot;infinite&quot;:&quot;yes&quot;,&quot;speed&quot;:500,&quot;image_spacing_custom&quot;:{&quot;unit&quot;:&quot;px&quot;,&quot;size&quot;:20,&quot;sizes&quot;:[]},&quot;image_spacing_custom_tablet&quot;:{&quot;unit&quot;:&quot;px&quot;,&quot;size&quot;:&quot;&quot;,&quot;sizes&quot;:[]},&quot;image_spacing_custom_mobile&quot;:{&quot;unit&quot;:&quot;px&quot;,&quot;size&quot;:&quot;&quot;,&quot;sizes&quot;:[]}}\" data-widget_type=\"image-carousel.default\">\n\t\t\t\t<div class=\"elementor-widget-container\">\n\t\t\t\t\t\t\t<div class=\"elementor-image-carousel-wrapper swiper\" role=\"region\" aria-roledescription=\"carousel\" aria-label=\"Carrusel de im\u00e1genes\" dir=\"ltr\">\n\t\t\t<div class=\"elementor-image-carousel swiper-wrapper swiper-image-stretch\" aria-live=\"off\">\n\t\t\t\t\t\t\t\t<div class=\"swiper-slide\" role=\"group\" aria-roledescription=\"slide\" aria-label=\"1 de 6\"><figure class=\"swiper-slide-inner\"><img decoding=\"async\" class=\"swiper-slide-image\" src=\"https:\/\/argentinaacaballo.com\/wp-content\/uploads\/2025\/06\/ebac2ddf1bb7ba6197f520dfab8df7d0ac3c0439.jpg\" alt=\"ebac2ddf1bb7ba6197f520dfab8df7d0ac3c0439\" \/><\/figure><\/div><div class=\"swiper-slide\" role=\"group\" aria-roledescription=\"slide\" aria-label=\"2 de 6\"><figure class=\"swiper-slide-inner\"><img decoding=\"async\" class=\"swiper-slide-image\" src=\"https:\/\/argentinaacaballo.com\/wp-content\/uploads\/2025\/06\/6b2a8d97b13f69cfe4987cd119950333854a90e6.jpg\" alt=\"6b2a8d97b13f69cfe4987cd119950333854a90e6\" \/><\/figure><\/div><div class=\"swiper-slide\" role=\"group\" aria-roledescription=\"slide\" aria-label=\"3 de 6\"><figure class=\"swiper-slide-inner\"><img decoding=\"async\" class=\"swiper-slide-image\" src=\"https:\/\/argentinaacaballo.com\/wp-content\/uploads\/2025\/06\/b7ffc20a5b49515fb84d516d50fdce38247647a3-1.jpg\" alt=\"b7ffc20a5b49515fb84d516d50fdce38247647a3\" \/><\/figure><\/div><div class=\"swiper-slide\" role=\"group\" aria-roledescription=\"slide\" aria-label=\"4 de 6\"><figure class=\"swiper-slide-inner\"><img decoding=\"async\" class=\"swiper-slide-image\" src=\"https:\/\/argentinaacaballo.com\/wp-content\/uploads\/2025\/06\/ebac2ddf1bb7ba6197f520dfab8df7d0ac3c0439-1.jpg\" alt=\"ebac2ddf1bb7ba6197f520dfab8df7d0ac3c0439\" \/><\/figure><\/div><div class=\"swiper-slide\" role=\"group\" aria-roledescription=\"slide\" aria-label=\"5 de 6\"><figure class=\"swiper-slide-inner\"><img decoding=\"async\" class=\"swiper-slide-image\" src=\"https:\/\/argentinaacaballo.com\/wp-content\/uploads\/2025\/06\/6b2a8d97b13f69cfe4987cd119950333854a90e6-1.jpg\" alt=\"6b2a8d97b13f69cfe4987cd119950333854a90e6\" \/><\/figure><\/div><div class=\"swiper-slide\" role=\"group\" aria-roledescription=\"slide\" aria-label=\"6 de 6\"><figure class=\"swiper-slide-inner\"><img decoding=\"async\" class=\"swiper-slide-image\" src=\"https:\/\/argentinaacaballo.com\/wp-content\/uploads\/2025\/06\/b7ffc20a5b49515fb84d516d50fdce38247647a3-2.jpg\" alt=\"b7ffc20a5b49515fb84d516d50fdce38247647a3\" \/><\/figure><\/div>\t\t\t<\/div>\n\t\t\t\t\t\t\t\t\t\t\t\t<div class=\"elementor-swiper-button elementor-swiper-button-prev\" role=\"button\" tabindex=\"0\">\n\t\t\t\t\t\t<svg aria-hidden=\"true\" class=\"e-font-icon-svg e-eicon-chevron-left\" viewbox=\"0 0 1000 1000\" xmlns=\"http:\/\/www.w3.org\/2000\/svg\"><path d=\"M646 125C629 125 613 133 604 142L308 442C296 454 292 471 292 487 292 504 296 521 308 533L604 854C617 867 629 875 646 875 663 875 679 871 692 858 704 846 713 829 713 812 713 796 708 779 692 767L438 487 692 225C700 217 708 204 708 187 708 171 704 154 692 142 675 129 663 125 646 125Z\"><\/path><\/svg>\t\t\t\t\t<\/div>\n\t\t\t\t\t<div class=\"elementor-swiper-button elementor-swiper-button-next\" role=\"button\" tabindex=\"0\">\n\t\t\t\t\t\t<svg aria-hidden=\"true\" class=\"e-font-icon-svg e-eicon-chevron-right\" viewbox=\"0 0 1000 1000\" xmlns=\"http:\/\/www.w3.org\/2000\/svg\"><path d=\"M696 533C708 521 713 504 713 487 713 471 708 454 696 446L400 146C388 133 375 125 354 125 338 125 325 129 313 142 300 154 292 171 292 187 292 204 296 221 308 233L563 492 304 771C292 783 288 800 288 817 288 833 296 850 308 863 321 871 338 875 354 875 371 875 388 867 400 854L696 533Z\"><\/path><\/svg>\t\t\t\t\t<\/div>\n\t\t\t\t\n\t\t\t\t\t\t\t\t\t<\/div>\n\t\t\t\t\t\t<\/div>\n\t\t\t\t<\/div>\n\t\t\t\t<\/div>\n\t\t<div class=\"elementor-element elementor-element-c40f8d9 e-flex e-con-boxed e-con e-child\" data-id=\"c40f8d9\" data-element_type=\"container\" data-e-type=\"container\">\n\t\t\t\t\t<div class=\"e-con-inner\">\n\t\t<div class=\"elementor-element elementor-element-15b3f80 e-con-full e-flex e-con e-child\" data-id=\"15b3f80\" data-element_type=\"container\" data-e-type=\"container\">\n\t\t\t\t<div class=\"elementor-element elementor-element-ed402c7 elementor-widget elementor-widget-image\" data-id=\"ed402c7\" data-element_type=\"widget\" data-e-type=\"widget\" data-widget_type=\"image.default\">\n\t\t\t\t<div class=\"elementor-widget-container\">\n\t\t\t\t\t\t\t\t\t\t\t\t\t\t\t<img fetchpriority=\"high\" decoding=\"async\" width=\"609\" height=\"791\" src=\"https:\/\/argentinaacaballo.com\/wp-content\/uploads\/2025\/06\/Group-2-1.png\" class=\"attachment-full size-full wp-image-656\" alt=\"\" srcset=\"https:\/\/argentinaacaballo.com\/wp-content\/uploads\/2025\/06\/Group-2-1.png 609w, https:\/\/argentinaacaballo.com\/wp-content\/uploads\/2025\/06\/Group-2-1-231x300.png 231w, https:\/\/argentinaacaballo.com\/wp-content\/uploads\/2025\/06\/Group-2-1-600x779.png 600w\" sizes=\"(max-width: 609px) 100vw, 609px\" \/>\t\t\t\t\t\t\t\t\t\t\t\t\t\t\t<\/div>\n\t\t\t\t<\/div>\n\t\t\t\t<\/div>\n\t\t<div class=\"elementor-element elementor-element-8918b0e e-con-full e-flex e-con e-child\" data-id=\"8918b0e\" data-element_type=\"container\" data-e-type=\"container\">\n\t\t\t\t<div class=\"elementor-element elementor-element-5336346 elementor-widget__width-inherit elementor-widget elementor-widget-heading\" data-id=\"5336346\" data-element_type=\"widget\" data-e-type=\"widget\" data-widget_type=\"heading.default\">\n\t\t\t\t<div class=\"elementor-widget-container\">\n\t\t\t\t\t<h5 class=\"elementor-heading-title elementor-size-default\">About <span class=\"verde italico\">Us<\/span><\/h5>\t\t\t\t<\/div>\n\t\t\t\t<\/div>\n\t\t\t\t<div class=\"elementor-element elementor-element-9ee88e8 elementor-widget elementor-widget-text-editor\" data-id=\"9ee88e8\" data-element_type=\"widget\" data-e-type=\"widget\" data-widget_type=\"text-editor.default\">\n\t\t\t\t<div class=\"elementor-widget-container\">\n\t\t\t\t\t\t\t\t\t<p>We grew up in the mountains, surrounded by nature, rivers, and the wilderness, and together we make a great team. Franco trains the horses, guides like no other, and knows every corner of C\u00f3rdoba and every new destination we explore. Eve loves and cares for these noble, perceptive animals, adding her unique feminine spark, language expertise, and technological skills to make this project happen.<\/p><p>And among other things, what we have in common is a deep love for what we do.<\/p><p>We also love to cook and eat delicious, healthy food. On our horseback rides, there will always be a great meal with flavors that will stay in your memory forever, accompanied by good wine and lively conversations. The guitar is always a present friend at our gatherings; by the fire with drinks in hand, we sing and dance to the rhythm of the drum.<\/p><p>We love our country; every corner we discover fascinates us. We love to travel, and when we decided to explore it on horseback, we asked ourselves: What if, besides doing it together, we invite everyone who loves riding as much as we do? Who says we can't make a living from what we love?<\/p><p>So here we are, after many years of traveling on four legs, and now you can join our adventure.<\/p><p>Every destination we offer is incredible and unique. Whether you have no experience or a lot, we have options for all ages and preferences.<\/p><p><span style=\"color: #78866b;\"><strong>\u00a0We can't wait for you to experience a unique horseback ride with us!<\/strong><\/span><\/p>\t\t\t\t\t\t\t\t<\/div>\n\t\t\t\t<\/div>\n\t\t\t\t<\/div>\n\t\t\t\t\t<\/div>\n\t\t\t\t<\/div>\n\t\t\t\t<\/div>\n\t\t\t\t<\/div>","protected":false},"excerpt":{"rendered":"<p>Acerca de Nosotros Criados en las sierras, entre la naturaleza, r\u00edos y monte, juntos formamos un gran equipo. Franco, domador de caballos, gu\u00eda inigualable, conocedor de cada rinc\u00f3n de C\u00f3rdoba y cada destino que sumamos a nuestros recorridos. Eve, amante de este noble y perceptivo animal, cuidadora de ellos y sumando su chispa femenina, junto [&hellip;]<\/p>","protected":false},"author":1,"featured_media":0,"parent":0,"menu_order":0,"comment_status":"closed","ping_status":"closed","template":"","meta":{"footnotes":""},"class_list":["post-26","page","type-page","status-publish","hentry"],"yoast_head":"<!-- This site is optimized with the Yoast SEO plugin v27.4 - https:\/\/yoast.com\/product\/yoast-seo-wordpress\/ -->\n<title>Acerca de Nosotros - Argentina a Caballo<\/title>\n<meta name=\"robots\" content=\"index, follow, max-snippet:-1, max-image-preview:large, max-video-preview:-1\" \/>\n<link rel=\"canonical\" href=\"https:\/\/argentinaacaballo.com\/en\/acerca-de-nosotros\/\" \/>\n<meta property=\"og:locale\" content=\"en_US\" \/>\n<meta property=\"og:type\" content=\"article\" \/>\n<meta property=\"og:title\" content=\"Acerca de Nosotros - Argentina a Caballo\" \/>\n<meta property=\"og:description\" content=\"Acerca de Nosotros Criados en las sierras, entre la naturaleza, r\u00edos y monte, juntos formamos un gran equipo. Franco, domador de caballos, gu\u00eda inigualable, conocedor de cada rinc\u00f3n de C\u00f3rdoba y cada destino que sumamos a nuestros recorridos. Eve, amante de este noble y perceptivo animal, cuidadora de ellos y sumando su chispa femenina, junto [&hellip;]\" \/>\n<meta property=\"og:url\" content=\"https:\/\/argentinaacaballo.com\/en\/acerca-de-nosotros\/\" \/>\n<meta property=\"og:site_name\" content=\"Argentina a Caballo\" \/>\n<meta property=\"article:modified_time\" content=\"2025-06-26T17:01:39+00:00\" \/>\n<meta property=\"og:image\" content=\"https:\/\/argentinaacaballo.com\/wp-content\/uploads\/2025\/06\/ebac2ddf1bb7ba6197f520dfab8df7d0ac3c0439.jpg\" \/>\n<meta name=\"twitter:card\" content=\"summary_large_image\" \/>\n<meta name=\"twitter:label1\" content=\"Est. reading time\" \/>\n\t<meta name=\"twitter:data1\" content=\"1 minute\" \/>\n<script type=\"application\/ld+json\" class=\"yoast-schema-graph\">{\"@context\":\"https:\\\/\\\/schema.org\",\"@graph\":[{\"@type\":\"WebPage\",\"@id\":\"https:\\\/\\\/argentinaacaballo.com\\\/acerca-de-nosotros\\\/\",\"url\":\"https:\\\/\\\/argentinaacaballo.com\\\/acerca-de-nosotros\\\/\",\"name\":\"Acerca de Nosotros - Argentina a Caballo\",\"isPartOf\":{\"@id\":\"https:\\\/\\\/argentinaacaballo.com\\\/#website\"},\"primaryImageOfPage\":{\"@id\":\"https:\\\/\\\/argentinaacaballo.com\\\/acerca-de-nosotros\\\/#primaryimage\"},\"image\":{\"@id\":\"https:\\\/\\\/argentinaacaballo.com\\\/acerca-de-nosotros\\\/#primaryimage\"},\"thumbnailUrl\":\"https:\\\/\\\/argentinaacaballo.com\\\/wp-content\\\/uploads\\\/2025\\\/06\\\/ebac2ddf1bb7ba6197f520dfab8df7d0ac3c0439.jpg\",\"datePublished\":\"2025-06-12T18:46:57+00:00\",\"dateModified\":\"2025-06-26T17:01:39+00:00\",\"breadcrumb\":{\"@id\":\"https:\\\/\\\/argentinaacaballo.com\\\/acerca-de-nosotros\\\/#breadcrumb\"},\"inLanguage\":\"en-US\",\"potentialAction\":[{\"@type\":\"ReadAction\",\"target\":[\"https:\\\/\\\/argentinaacaballo.com\\\/acerca-de-nosotros\\\/\"]}]},{\"@type\":\"ImageObject\",\"inLanguage\":\"en-US\",\"@id\":\"https:\\\/\\\/argentinaacaballo.com\\\/acerca-de-nosotros\\\/#primaryimage\",\"url\":\"https:\\\/\\\/argentinaacaballo.com\\\/wp-content\\\/uploads\\\/2025\\\/06\\\/ebac2ddf1bb7ba6197f520dfab8df7d0ac3c0439.jpg\",\"contentUrl\":\"https:\\\/\\\/argentinaacaballo.com\\\/wp-content\\\/uploads\\\/2025\\\/06\\\/ebac2ddf1bb7ba6197f520dfab8df7d0ac3c0439.jpg\"},{\"@type\":\"BreadcrumbList\",\"@id\":\"https:\\\/\\\/argentinaacaballo.com\\\/acerca-de-nosotros\\\/#breadcrumb\",\"itemListElement\":[{\"@type\":\"ListItem\",\"position\":1,\"name\":\"Portada\",\"item\":\"https:\\\/\\\/argentinaacaballo.com\\\/\"},{\"@type\":\"ListItem\",\"position\":2,\"name\":\"Acerca de Nosotros\"}]},{\"@type\":\"WebSite\",\"@id\":\"https:\\\/\\\/argentinaacaballo.com\\\/#website\",\"url\":\"https:\\\/\\\/argentinaacaballo.com\\\/\",\"name\":\"Argentina a Caballo\",\"description\":\"\",\"potentialAction\":[{\"@type\":\"SearchAction\",\"target\":{\"@type\":\"EntryPoint\",\"urlTemplate\":\"https:\\\/\\\/argentinaacaballo.com\\\/?s={search_term_string}\"},\"query-input\":{\"@type\":\"PropertyValueSpecification\",\"valueRequired\":true,\"valueName\":\"search_term_string\"}}],\"inLanguage\":\"en-US\"}]}<\/script>\n<!-- \/ Yoast SEO plugin. -->","yoast_head_json":{"title":"Acerca de Nosotros - Argentina a Caballo","robots":{"index":"index","follow":"follow","max-snippet":"max-snippet:-1","max-image-preview":"max-image-preview:large","max-video-preview":"max-video-preview:-1"},"canonical":"https:\/\/argentinaacaballo.com\/en\/acerca-de-nosotros\/","og_locale":"en_US","og_type":"article","og_title":"Acerca de Nosotros - Argentina a Caballo","og_description":"Acerca de Nosotros Criados en las sierras, entre la naturaleza, r\u00edos y monte, juntos formamos un gran equipo. Franco, domador de caballos, gu\u00eda inigualable, conocedor de cada rinc\u00f3n de C\u00f3rdoba y cada destino que sumamos a nuestros recorridos. Eve, amante de este noble y perceptivo animal, cuidadora de ellos y sumando su chispa femenina, junto [&hellip;]","og_url":"https:\/\/argentinaacaballo.com\/en\/acerca-de-nosotros\/","og_site_name":"Argentina a Caballo","article_modified_time":"2025-06-26T17:01:39+00:00","og_image":[{"url":"https:\/\/argentinaacaballo.com\/wp-content\/uploads\/2025\/06\/ebac2ddf1bb7ba6197f520dfab8df7d0ac3c0439.jpg","type":"","width":"","height":""}],"twitter_card":"summary_large_image","twitter_misc":{"Est. reading time":"1 minute"},"schema":{"@context":"https:\/\/schema.org","@graph":[{"@type":"WebPage","@id":"https:\/\/argentinaacaballo.com\/acerca-de-nosotros\/","url":"https:\/\/argentinaacaballo.com\/acerca-de-nosotros\/","name":"Acerca de Nosotros - Argentina a Caballo","isPartOf":{"@id":"https:\/\/argentinaacaballo.com\/#website"},"primaryImageOfPage":{"@id":"https:\/\/argentinaacaballo.com\/acerca-de-nosotros\/#primaryimage"},"image":{"@id":"https:\/\/argentinaacaballo.com\/acerca-de-nosotros\/#primaryimage"},"thumbnailUrl":"https:\/\/argentinaacaballo.com\/wp-content\/uploads\/2025\/06\/ebac2ddf1bb7ba6197f520dfab8df7d0ac3c0439.jpg","datePublished":"2025-06-12T18:46:57+00:00","dateModified":"2025-06-26T17:01:39+00:00","breadcrumb":{"@id":"https:\/\/argentinaacaballo.com\/acerca-de-nosotros\/#breadcrumb"},"inLanguage":"en-US","potentialAction":[{"@type":"ReadAction","target":["https:\/\/argentinaacaballo.com\/acerca-de-nosotros\/"]}]},{"@type":"ImageObject","inLanguage":"en-US","@id":"https:\/\/argentinaacaballo.com\/acerca-de-nosotros\/#primaryimage","url":"https:\/\/argentinaacaballo.com\/wp-content\/uploads\/2025\/06\/ebac2ddf1bb7ba6197f520dfab8df7d0ac3c0439.jpg","contentUrl":"https:\/\/argentinaacaballo.com\/wp-content\/uploads\/2025\/06\/ebac2ddf1bb7ba6197f520dfab8df7d0ac3c0439.jpg"},{"@type":"BreadcrumbList","@id":"https:\/\/argentinaacaballo.com\/acerca-de-nosotros\/#breadcrumb","itemListElement":[{"@type":"ListItem","position":1,"name":"Portada","item":"https:\/\/argentinaacaballo.com\/"},{"@type":"ListItem","position":2,"name":"Acerca de Nosotros"}]},{"@type":"WebSite","@id":"https:\/\/argentinaacaballo.com\/#website","url":"https:\/\/argentinaacaballo.com\/","name":"Argentina a Caballo","description":"","potentialAction":[{"@type":"SearchAction","target":{"@type":"EntryPoint","urlTemplate":"https:\/\/argentinaacaballo.com\/?s={search_term_string}"},"query-input":{"@type":"PropertyValueSpecification","valueRequired":true,"valueName":"search_term_string"}}],"inLanguage":"en-US"}]}},"_links":{"self":[{"href":"https:\/\/argentinaacaballo.com\/en\/wp-json\/wp\/v2\/pages\/26","targetHints":{"allow":["GET"]}}],"collection":[{"href":"https:\/\/argentinaacaballo.com\/en\/wp-json\/wp\/v2\/pages"}],"about":[{"href":"https:\/\/argentinaacaballo.com\/en\/wp-json\/wp\/v2\/types\/page"}],"author":[{"embeddable":true,"href":"https:\/\/argentinaacaballo.com\/en\/wp-json\/wp\/v2\/users\/1"}],"replies":[{"embeddable":true,"href":"https:\/\/argentinaacaballo.com\/en\/wp-json\/wp\/v2\/comments?post=26"}],"version-history":[{"count":13,"href":"https:\/\/argentinaacaballo.com\/en\/wp-json\/wp\/v2\/pages\/26\/revisions"}],"predecessor-version":[{"id":659,"href":"https:\/\/argentinaacaballo.com\/en\/wp-json\/wp\/v2\/pages\/26\/revisions\/659"}],"wp:attachment":[{"href":"https:\/\/argentinaacaballo.com\/en\/wp-json\/wp\/v2\/media?parent=26"}],"curies":[{"name":"wp","href":"https:\/\/api.w.org\/{rel}","templated":true}]}}